{"id":74,"date":"2015-02-13T18:22:29","date_gmt":"2015-02-13T17:22:29","guid":{"rendered":"http:\/\/s560583853.online.de\/?page_id=74"},"modified":"2015-02-13T18:22:29","modified_gmt":"2015-02-13T17:22:29","slug":"gaestebuch-2","status":"publish","type":"page","link":"https:\/\/nr-photo.de\/?page_id=74","title":{"rendered":"G\u00e4stebuch"},"content":{"rendered":"<h2>W\u00fcrde mich \u00fcber einen Kommentar von euch freuen<\/h2>\n","protected":false},"excerpt":{"rendered":"<p>W\u00fcrde mich \u00fcber einen Kommentar von euch freuen<\/p>\n","protected":false},"author":1,"featured_media":0,"parent":15,"menu_order":0,"comment_status":"open","ping_status":"open","template":"","meta":{"ngg_post_thumbnail":0,"footnotes":""},"class_list":["post-74","page","type-page","status-publish","hentry"],"_links":{"self":[{"href":"https:\/\/nr-photo.de\/index.php?rest_route=\/wp\/v2\/pages\/74","targetHints":{"allow":["GET"]}}],"collection":[{"href":"https:\/\/nr-photo.de\/index.php?rest_route=\/wp\/v2\/pages"}],"about":[{"href":"https:\/\/nr-photo.de\/index.php?rest_route=\/wp\/v2\/types\/page"}],"author":[{"embeddable":true,"href":"https:\/\/nr-photo.de\/index.php?rest_route=\/wp\/v2\/users\/1"}],"replies":[{"embeddable":true,"href":"https:\/\/nr-photo.de\/index.php?rest_route=%2Fwp%2Fv2%2Fcomments&post=74"}],"version-history":[{"count":1,"href":"https:\/\/nr-photo.de\/index.php?rest_route=\/wp\/v2\/pages\/74\/revisions"}],"predecessor-version":[{"id":75,"href":"https:\/\/nr-photo.de\/index.php?rest_route=\/wp\/v2\/pages\/74\/revisions\/75"}],"up":[{"embeddable":true,"href":"https:\/\/nr-photo.de\/index.php?rest_route=\/wp\/v2\/pages\/15"}],"wp:attachment":[{"href":"https:\/\/nr-photo.de\/index.php?rest_route=%2Fwp%2Fv2%2Fmedia&parent=74"}],"curies":[{"name":"wp","href":"https:\/\/api.w.org\/{rel}","templated":true}]}}