{"id":691,"date":"2016-02-11T10:50:14","date_gmt":"2016-02-11T09:50:14","guid":{"rendered":"http:\/\/nr-photo.de\/?page_id=691"},"modified":"2020-11-20T18:29:38","modified_gmt":"2020-11-20T17:29:38","slug":"zeitungsartikel","status":"publish","type":"page","link":"https:\/\/nr-photo.de\/?page_id=691","title":{"rendered":"Zeitungsartikel"},"content":{"rendered":"\n<p class=\"has-text-align-center\"><strong>Zeitungsartikel im Vogtlandanzeiger am 27.10.2020<\/strong><\/p>\n\n\n\n<figure class=\"wp-block-image size-large\"><img loading=\"lazy\" decoding=\"async\" width=\"998\" height=\"1600\" src=\"https:\/\/nr-photo.de\/wp-content\/uploads\/2020\/11\/WhatsApp-Image-2020-10-27-at-09.27.41.jpeg\" alt=\"\" class=\"wp-image-2390\" srcset=\"https:\/\/nr-photo.de\/wp-content\/uploads\/2020\/11\/WhatsApp-Image-2020-10-27-at-09.27.41.jpeg 998w, https:\/\/nr-photo.de\/wp-content\/uploads\/2020\/11\/WhatsApp-Image-2020-10-27-at-09.27.41-624x1000.jpeg 624w, https:\/\/nr-photo.de\/wp-content\/uploads\/2020\/11\/WhatsApp-Image-2020-10-27-at-09.27.41-187x300.jpeg 187w, https:\/\/nr-photo.de\/wp-content\/uploads\/2020\/11\/WhatsApp-Image-2020-10-27-at-09.27.41-768x1231.jpeg 768w, https:\/\/nr-photo.de\/wp-content\/uploads\/2020\/11\/WhatsApp-Image-2020-10-27-at-09.27.41-958x1536.jpeg 958w, https:\/\/nr-photo.de\/wp-content\/uploads\/2020\/11\/WhatsApp-Image-2020-10-27-at-09.27.41-564x904.jpeg 564w\" sizes=\"auto, (max-width: 998px) 100vw, 998px\" \/><\/figure>\n\n\n<h4><strong>Zeitungsartikel &#8222;Siegermotiv der Plauener Gl\u00fchweintasse 2020 steht fest&#8220; in der Freien Presse am 20.12.2019<\/strong><a href=\"https:\/\/nr-photo.de\/wp-content\/uploads\/2019\/12\/FP_20.12.19.jpg\"><img loading=\"lazy\" decoding=\"async\" class=\"aligncenter size-full wp-image-1896\" src=\"https:\/\/nr-photo.de\/wp-content\/uploads\/2019\/12\/FP_20.12.19.jpg\" alt=\"\" width=\"2000\" height=\"1065\" srcset=\"https:\/\/nr-photo.de\/wp-content\/uploads\/2019\/12\/FP_20.12.19.jpg 2000w, https:\/\/nr-photo.de\/wp-content\/uploads\/2019\/12\/FP_20.12.19-1000x533.jpg 1000w, https:\/\/nr-photo.de\/wp-content\/uploads\/2019\/12\/FP_20.12.19-300x160.jpg 300w, https:\/\/nr-photo.de\/wp-content\/uploads\/2019\/12\/FP_20.12.19-768x409.jpg 768w, https:\/\/nr-photo.de\/wp-content\/uploads\/2019\/12\/FP_20.12.19-1536x818.jpg 1536w, https:\/\/nr-photo.de\/wp-content\/uploads\/2019\/12\/FP_20.12.19-904x481.jpg 904w\" sizes=\"auto, (max-width: 2000px) 100vw, 2000px\" \/><\/a><\/h4>\n<h4>&nbsp;<\/h4>\n<p><strong>Zeitungsartikel &#8222;Instagram: Sie setzen das Vogtland in Szene&#8220; in der Freien Presse am 25.11.2019<\/strong><a href=\"https:\/\/nr-photo.de\/wp-content\/uploads\/2019\/12\/FR_25.11.2019.jpg\"><img loading=\"lazy\" decoding=\"async\" class=\"aligncenter size-full wp-image-1898\" src=\"https:\/\/nr-photo.de\/wp-content\/uploads\/2019\/12\/FR_25.11.2019.jpg\" alt=\"\" width=\"1094\" height=\"1239\" srcset=\"https:\/\/nr-photo.de\/wp-content\/uploads\/2019\/12\/FR_25.11.2019.jpg 1094w, https:\/\/nr-photo.de\/wp-content\/uploads\/2019\/12\/FR_25.11.2019-883x1000.jpg 883w, https:\/\/nr-photo.de\/wp-content\/uploads\/2019\/12\/FR_25.11.2019-265x300.jpg 265w, https:\/\/nr-photo.de\/wp-content\/uploads\/2019\/12\/FR_25.11.2019-768x870.jpg 768w, https:\/\/nr-photo.de\/wp-content\/uploads\/2019\/12\/FR_25.11.2019-798x904.jpg 798w\" sizes=\"auto, (max-width: 1094px) 100vw, 1094px\" \/><\/a><\/p>\n<h4>&nbsp;<\/h4>\n<p><strong>Zeitungsartikel zum Kalender Plauener Perspektiven 2018 in der Freien Presse am 12.10.2017<\/strong><a href=\"https:\/\/nr-photo.de\/wp-content\/uploads\/2017\/11\/Kalender_Artikel-FP_12.10.201711-1.jpg\"><img loading=\"lazy\" decoding=\"async\" class=\"aligncenter size-full wp-image-990\" src=\"https:\/\/nr-photo.de\/wp-content\/uploads\/2017\/11\/Kalender_Artikel-FP_12.10.201711-1.jpg\" alt=\"\" width=\"2000\" height=\"1777\" srcset=\"https:\/\/nr-photo.de\/wp-content\/uploads\/2017\/11\/Kalender_Artikel-FP_12.10.201711-1.jpg 2000w, https:\/\/nr-photo.de\/wp-content\/uploads\/2017\/11\/Kalender_Artikel-FP_12.10.201711-1-300x267.jpg 300w, https:\/\/nr-photo.de\/wp-content\/uploads\/2017\/11\/Kalender_Artikel-FP_12.10.201711-1-1000x889.jpg 1000w, https:\/\/nr-photo.de\/wp-content\/uploads\/2017\/11\/Kalender_Artikel-FP_12.10.201711-1-768x682.jpg 768w\" sizes=\"auto, (max-width: 2000px) 100vw, 2000px\" \/><\/a><\/p>\n<h4>&nbsp;<\/h4>\n<p><strong>Zeitungsartikel &#8222;Das obere Vogtland &#8211; ein abendlicher Wintertraum&#8220; in der Freien Presse am 12.01.2017<\/strong><a href=\"https:\/\/nr-photo.de\/wp-content\/uploads\/2019\/12\/FP_12.01.2017.jpg\"><img loading=\"lazy\" decoding=\"async\" class=\"aligncenter size-full wp-image-1905\" src=\"https:\/\/nr-photo.de\/wp-content\/uploads\/2019\/12\/FP_12.01.2017.jpg\" alt=\"\" width=\"1689\" height=\"868\" srcset=\"https:\/\/nr-photo.de\/wp-content\/uploads\/2019\/12\/FP_12.01.2017.jpg 1689w, https:\/\/nr-photo.de\/wp-content\/uploads\/2019\/12\/FP_12.01.2017-1000x514.jpg 1000w, https:\/\/nr-photo.de\/wp-content\/uploads\/2019\/12\/FP_12.01.2017-300x154.jpg 300w, https:\/\/nr-photo.de\/wp-content\/uploads\/2019\/12\/FP_12.01.2017-768x395.jpg 768w, https:\/\/nr-photo.de\/wp-content\/uploads\/2019\/12\/FP_12.01.2017-1536x789.jpg 1536w, https:\/\/nr-photo.de\/wp-content\/uploads\/2019\/12\/FP_12.01.2017-904x465.jpg 904w\" sizes=\"auto, (max-width: 1689px) 100vw, 1689px\" \/><\/a>ok, in richtig sah das Foto so aus \ud83d\ude42<a href=\"https:\/\/nr-photo.de\/wp-content\/uploads\/2018\/04\/20170106_DSC8351.jpg\"><img loading=\"lazy\" decoding=\"async\" class=\"aligncenter size-full wp-image-1068\" src=\"https:\/\/nr-photo.de\/wp-content\/uploads\/2018\/04\/20170106_DSC8351.jpg\" alt=\"\" width=\"2000\" height=\"1333\" srcset=\"https:\/\/nr-photo.de\/wp-content\/uploads\/2018\/04\/20170106_DSC8351.jpg 2000w, https:\/\/nr-photo.de\/wp-content\/uploads\/2018\/04\/20170106_DSC8351-300x200.jpg 300w, https:\/\/nr-photo.de\/wp-content\/uploads\/2018\/04\/20170106_DSC8351-1000x667.jpg 1000w, https:\/\/nr-photo.de\/wp-content\/uploads\/2018\/04\/20170106_DSC8351-768x512.jpg 768w, https:\/\/nr-photo.de\/wp-content\/uploads\/2018\/04\/20170106_DSC8351-904x603.jpg 904w, https:\/\/nr-photo.de\/wp-content\/uploads\/2018\/04\/20170106_DSC8351-1200x800.jpg 1200w, https:\/\/nr-photo.de\/wp-content\/uploads\/2018\/04\/20170106_DSC8351-620x413.jpg 620w, https:\/\/nr-photo.de\/wp-content\/uploads\/2018\/04\/20170106_DSC8351-400x267.jpg 400w\" sizes=\"auto, (max-width: 2000px) 100vw, 2000px\" \/><\/a><\/p>\n<h4>&nbsp;<\/h4>\n<h4><strong>Zeitungsartikel zum Kalender: Plauen &#8222;Nacht &amp; Tag&#8220;&nbsp; 2017<\/strong><a href=\"https:\/\/nr-photo.de\/wp-content\/uploads\/2016\/02\/Plauener-Zeitung-17.09.201610.jpg\"><img loading=\"lazy\" decoding=\"async\" class=\"aligncenter size-full wp-image-784\" src=\"https:\/\/nr-photo.de\/wp-content\/uploads\/2016\/02\/Plauener-Zeitung-17.09.201610.jpg\" alt=\"plauener-zeitung-17-09-201610\" width=\"2000\" height=\"1423\" srcset=\"https:\/\/nr-photo.de\/wp-content\/uploads\/2016\/02\/Plauener-Zeitung-17.09.201610.jpg 2000w, https:\/\/nr-photo.de\/wp-content\/uploads\/2016\/02\/Plauener-Zeitung-17.09.201610-300x213.jpg 300w, https:\/\/nr-photo.de\/wp-content\/uploads\/2016\/02\/Plauener-Zeitung-17.09.201610-1000x712.jpg 1000w, https:\/\/nr-photo.de\/wp-content\/uploads\/2016\/02\/Plauener-Zeitung-17.09.201610-768x546.jpg 768w\" sizes=\"auto, (max-width: 2000px) 100vw, 2000px\" \/><\/a><\/h4>\n<h4>&nbsp;<\/h4>\n<h4>Ausstellung im Schloss Leubnitz&nbsp;2016<\/h4>\n<p>Unter dem Titel&nbsp;\u201e<span style=\"color: #0000ff;\">Das Vogtland durch das Objektiv betrachtet \u2013 Norman Richter und Clemens Schreiter stellen aus<\/span>\u201c,<br>geben beide einen Einblick in ihr fotografisches Schaffen. Norman Richter, Jahrgang 1967, besch\u00e4ftigt sich<br>schwerpunktm\u00e4\u00dfig mit Landschaftsfotografie und h\u00e4lt mit seiner Kamera faszinierende Momente unseres Vogtlandes fest.<\/p>\n<p>Die Fotografien von Clemens Schreiter, Jahrgang 1988, lassen seine Begeisterung f\u00fcr schnittige Autos und schnelle<br>Zweir\u00e4der in Bezug zur Landschaft erkennen.<\/p>\n<p>Die unterschiedlichen Herangehensweisen der beiden Fotok\u00fcnstler machen den besonderen Reiz dieser Ausstellung aus.<br>Besucher k\u00f6nnen die Exponate bis zum 13. Juni 2016 betrachten.<\/p>\n<p>Quelle: <a href=\"http:\/\/www.schloss-leubnitz.de\/Galerie\/#Vogtland-2016\" target=\"_blank\" rel=\"noopener noreferrer\">http:\/\/www.schloss-leubnitz.de<\/a><\/p>\n<p>Die Freie Presse \u00fcber die Ausstellung:<\/p>\n<p><img loading=\"lazy\" decoding=\"async\" class=\"aligncenter size-full wp-image-702\" src=\"https:\/\/nr-photo.de\/wp-content\/uploads\/2016\/02\/12239269_1130871546925503_7217420077501475934_o.jpg\" alt=\"12239269_1130871546925503_7217420077501475934_o\" width=\"1080\" height=\"832\" srcset=\"https:\/\/nr-photo.de\/wp-content\/uploads\/2016\/02\/12239269_1130871546925503_7217420077501475934_o.jpg 1080w, https:\/\/nr-photo.de\/wp-content\/uploads\/2016\/02\/12239269_1130871546925503_7217420077501475934_o-300x231.jpg 300w, https:\/\/nr-photo.de\/wp-content\/uploads\/2016\/02\/12239269_1130871546925503_7217420077501475934_o-1000x770.jpg 1000w, https:\/\/nr-photo.de\/wp-content\/uploads\/2016\/02\/12239269_1130871546925503_7217420077501475934_o-768x592.jpg 768w\" sizes=\"auto, (max-width: 1080px) 100vw, 1080px\" \/><\/p>\n<h4 id=\"kpm_content_wrapper\" class=\"notranslate\">&nbsp;<\/h4>\n<h4 class=\"notranslate\"><b>Fotoausstellung &#8222;Plauen: damals-gestern-heute&#8220;<\/b><\/h4>\n<p class=\"notranslate\">&nbsp;anl\u00e4sslich 25 Jahre Deutsche Einheit und 25 Jahre St\u00e4dtepartnerschaft mit Siegen, 11.08.-19.09 Rathaus-Foyer Plauen, 03.10.-30.10. Rathaus-Foyer Siegen<a href=\"https:\/\/nr-photo.de\/wp-content\/uploads\/2019\/12\/FP_12.08.2015.jpg\"><img loading=\"lazy\" decoding=\"async\" class=\"aligncenter size-full wp-image-1901\" src=\"https:\/\/nr-photo.de\/wp-content\/uploads\/2019\/12\/FP_12.08.2015.jpg\" alt=\"\" width=\"1045\" height=\"1224\" srcset=\"https:\/\/nr-photo.de\/wp-content\/uploads\/2019\/12\/FP_12.08.2015.jpg 1045w, https:\/\/nr-photo.de\/wp-content\/uploads\/2019\/12\/FP_12.08.2015-854x1000.jpg 854w, https:\/\/nr-photo.de\/wp-content\/uploads\/2019\/12\/FP_12.08.2015-256x300.jpg 256w, https:\/\/nr-photo.de\/wp-content\/uploads\/2019\/12\/FP_12.08.2015-768x900.jpg 768w, https:\/\/nr-photo.de\/wp-content\/uploads\/2019\/12\/FP_12.08.2015-772x904.jpg 772w\" sizes=\"auto, (max-width: 1045px) 100vw, 1045px\" \/><\/a><\/p>\n\n\n<figure class=\"wp-block-image size-large\"><img loading=\"lazy\" decoding=\"async\" width=\"1225\" height=\"2000\" src=\"https:\/\/nr-photo.de\/wp-content\/uploads\/2020\/11\/2013051720130517095401257_DxO-Kopie-1.jpg\" alt=\"\" class=\"wp-image-2396\" srcset=\"https:\/\/nr-photo.de\/wp-content\/uploads\/2020\/11\/2013051720130517095401257_DxO-Kopie-1.jpg 1225w, https:\/\/nr-photo.de\/wp-content\/uploads\/2020\/11\/2013051720130517095401257_DxO-Kopie-1-613x1000.jpg 613w, https:\/\/nr-photo.de\/wp-content\/uploads\/2020\/11\/2013051720130517095401257_DxO-Kopie-1-184x300.jpg 184w, https:\/\/nr-photo.de\/wp-content\/uploads\/2020\/11\/2013051720130517095401257_DxO-Kopie-1-768x1254.jpg 768w, https:\/\/nr-photo.de\/wp-content\/uploads\/2020\/11\/2013051720130517095401257_DxO-Kopie-1-941x1536.jpg 941w, https:\/\/nr-photo.de\/wp-content\/uploads\/2020\/11\/2013051720130517095401257_DxO-Kopie-1-554x904.jpg 554w\" sizes=\"auto, (max-width: 1225px) 100vw, 1225px\" \/><\/figure>\n","protected":false},"excerpt":{"rendered":"<p>Zeitungsartikel im Vogtlandanzeiger am 27.10.2020 Zeitungsartikel &#8222;Siegermotiv der Plauener Gl\u00fchweintasse 2020 steht fest&#8220; in der Freien Presse am 20.12.2019 &nbsp; Zeitungsartikel &#8222;Instagram: Sie setzen das Vogtland in Szene&#8220; in der Freien Presse am 25.11.2019 &nbsp; Zeitungsartikel zum Kalender Plauener Perspektiven 2018 in der Freien Presse am 12.10.2017 &nbsp; Zeitungsartikel &#8222;Das obere Vogtland &#8211; ein abendlicher [&hellip;]<\/p>\n","protected":false},"author":1,"featured_media":0,"parent":15,"menu_order":0,"comment_status":"closed","ping_status":"closed","template":"","meta":{"ngg_post_thumbnail":0,"footnotes":""},"class_list":["post-691","page","type-page","status-publish","hentry"],"_links":{"self":[{"href":"https:\/\/nr-photo.de\/index.php?rest_route=\/wp\/v2\/pages\/691","targetHints":{"allow":["GET"]}}],"collection":[{"href":"https:\/\/nr-photo.de\/index.php?rest_route=\/wp\/v2\/pages"}],"about":[{"href":"https:\/\/nr-photo.de\/index.php?rest_route=\/wp\/v2\/types\/page"}],"author":[{"embeddable":true,"href":"https:\/\/nr-photo.de\/index.php?rest_route=\/wp\/v2\/users\/1"}],"replies":[{"embeddable":true,"href":"https:\/\/nr-photo.de\/index.php?rest_route=%2Fwp%2Fv2%2Fcomments&post=691"}],"version-history":[{"count":28,"href":"https:\/\/nr-photo.de\/index.php?rest_route=\/wp\/v2\/pages\/691\/revisions"}],"predecessor-version":[{"id":2399,"href":"https:\/\/nr-photo.de\/index.php?rest_route=\/wp\/v2\/pages\/691\/revisions\/2399"}],"up":[{"embeddable":true,"href":"https:\/\/nr-photo.de\/index.php?rest_route=\/wp\/v2\/pages\/15"}],"wp:attachment":[{"href":"https:\/\/nr-photo.de\/index.php?rest_route=%2Fwp%2Fv2%2Fmedia&parent=691"}],"curies":[{"name":"wp","href":"https:\/\/api.w.org\/{rel}","templated":true}]}}