{"id":2174,"date":"2020-04-22T18:22:32","date_gmt":"2020-04-22T16:22:32","guid":{"rendered":"http:\/\/nr-photo.de\/?page_id=2174"},"modified":"2020-04-22T18:25:51","modified_gmt":"2020-04-22T16:25:51","slug":"blogs","status":"publish","type":"page","link":"https:\/\/nr-photo.de\/?page_id=2174","title":{"rendered":"Blog`s"},"content":{"rendered":"\n<hr class=\"wp-block-separator is-style-default\"\/>\n\n\n<ul class=\"wp-block-latest-posts__list has-dates wp-block-latest-posts\"><li><a class=\"wp-block-latest-posts__post-title\" href=\"https:\/\/nr-photo.de\/?p=2206\">Gesch\u00fctzt: Sprengung im Diabasbruch Reimersgr\u00fcn<\/a><time datetime=\"2020-04-22T21:07:12+02:00\" class=\"wp-block-latest-posts__post-date\">22. April 2020<\/time><div class=\"wp-block-latest-posts__post-excerpt\">Dieser Inhalt ist passwortgesch\u00fctzt.<\/div><\/li>\n<li><a class=\"wp-block-latest-posts__post-title\" href=\"https:\/\/nr-photo.de\/?p=2157\">Virtueller Rundgang im Alaunbergwerk &#8222;Ewiges Leben&#8220; in Plauen<\/a><time datetime=\"2020-04-18T19:45:47+02:00\" class=\"wp-block-latest-posts__post-date\">18. April 2020<\/time><div class=\"wp-block-latest-posts__post-excerpt\">Hallo, der Bergknappenverein Vogtland e.V. und ich, haben uns etwas ganz besonderes f\u00fcr Euch \u00fcberlegt. Da es zur Zeit nicht m\u00f6glich ist das Alaunbergwerk zu besichtigen, haben wir uns gedacht,\u2026\u00a0<a class=\"wp-block-latest-posts__read-more\" href=\"https:\/\/nr-photo.de\/?p=2157\" rel=\"noopener noreferrer\"><span class=\"screen-reader-text\">Virtueller Rundgang im Alaunbergwerk &#8222;Ewiges Leben&#8220; in Plauen <\/span>weiterlesen<\/a><\/div><\/li>\n<li><a class=\"wp-block-latest-posts__post-title\" href=\"https:\/\/nr-photo.de\/?p=2000\">Capture One Pro 20<\/a><time datetime=\"2020-04-09T18:35:11+02:00\" class=\"wp-block-latest-posts__post-date\">9. April 2020<\/time><div class=\"wp-block-latest-posts__post-excerpt\">Capture One Pro 20&nbsp; Ich versuche mich gerade an Capture One Pro 20. Bis jetzt habe ich alle meine Fotos mit Photoshop bearbeitet. Das ist ganz sch\u00f6n Zeit intensiv und\u2026\u00a0<a class=\"wp-block-latest-posts__read-more\" href=\"https:\/\/nr-photo.de\/?p=2000\" rel=\"noopener noreferrer\"><span class=\"screen-reader-text\">Capture One Pro 20 <\/span>weiterlesen<\/a><\/div><\/li>\n<\/ul>","protected":false},"excerpt":{"rendered":"","protected":false},"author":1,"featured_media":0,"parent":15,"menu_order":0,"comment_status":"open","ping_status":"closed","template":"","meta":{"ngg_post_thumbnail":0,"footnotes":""},"class_list":["post-2174","page","type-page","status-publish","hentry"],"_links":{"self":[{"href":"https:\/\/nr-photo.de\/index.php?rest_route=\/wp\/v2\/pages\/2174","targetHints":{"allow":["GET"]}}],"collection":[{"href":"https:\/\/nr-photo.de\/index.php?rest_route=\/wp\/v2\/pages"}],"about":[{"href":"https:\/\/nr-photo.de\/index.php?rest_route=\/wp\/v2\/types\/page"}],"author":[{"embeddable":true,"href":"https:\/\/nr-photo.de\/index.php?rest_route=\/wp\/v2\/users\/1"}],"replies":[{"embeddable":true,"href":"https:\/\/nr-photo.de\/index.php?rest_route=%2Fwp%2Fv2%2Fcomments&post=2174"}],"version-history":[{"count":4,"href":"https:\/\/nr-photo.de\/index.php?rest_route=\/wp\/v2\/pages\/2174\/revisions"}],"predecessor-version":[{"id":2179,"href":"https:\/\/nr-photo.de\/index.php?rest_route=\/wp\/v2\/pages\/2174\/revisions\/2179"}],"up":[{"embeddable":true,"href":"https:\/\/nr-photo.de\/index.php?rest_route=\/wp\/v2\/pages\/15"}],"wp:attachment":[{"href":"https:\/\/nr-photo.de\/index.php?rest_route=%2Fwp%2Fv2%2Fmedia&parent=2174"}],"curies":[{"name":"wp","href":"https:\/\/api.w.org\/{rel}","templated":true}]}}